{"id":110,"date":"2025-08-18T14:17:01","date_gmt":"2025-08-18T14:17:01","guid":{"rendered":"https:\/\/greenqual.eu\/?page_id=110"},"modified":"2025-08-25T08:18:49","modified_gmt":"2025-08-25T08:18:49","slug":"eredmenyek","status":"publish","type":"page","link":"https:\/\/greenqual.eu\/?page_id=110&lang=hu","title":{"rendered":"Eredm\u00e9nyek"},"content":{"rendered":"\n<p class=\"has-medium-font-size\"><strong>Fedezze fel, hogyan j\u00e1rul hozz\u00e1 a GREENQUAL projekt a v\u00e1rosi fenntarthat\u00f3s\u00e1g el\u0151mozd\u00edt\u00e1s\u00e1hoz a z\u00f6ldfel\u00fcletek fejleszt\u00e9s\u00e9vel \u00e9s azok hat\u00e1sainak vizsg\u00e1lat\u00e1val k\u00fcl\u00f6nb\u00f6z\u0151 v\u00e1rossz\u00f6vetekben \u00e9s \u00e9ghajlati \u00f6vezetekben.<\/strong><\/p>\n\n\n\n<p class=\"has-medium-font-size\">Oszak\u00e1t\u00f3l Krakk\u00f3n \u00e9s Budapesten \u00e1t kutat\u00e1saink felt\u00e1rj\u00e1k, mik\u00e9nt jav\u00edtja a n\u00f6v\u00e9nyzet a leveg\u0151, a v\u00edz \u00e9s a talaj min\u0151s\u00e9g\u00e9t, hogyan m\u00e9rs\u00e9kli a v\u00e1rosi h\u0151sziget-hat\u00e1st \u00e9s a vill\u00e1m\u00e1rvizeket, valamint mik\u00e9nt er\u0151s\u00edti az \u00e9ghajlati rezilienci\u00e1t. A GREENQUAL a sz\u00e9n-dioxid-semleges, eg\u00e9szs\u00e9gesebb v\u00e1rosi k\u00f6rnyezetek kialak\u00edt\u00e1s\u00e1nak \u00fatj\u00e1t egyengeti<\/p>\n\n\n\n<p class=\"has-medium-font-size\"><em>A projekt jelenlegi szakasz\u00e1ban m\u00e9g nem \u00e1llnak rendelkez\u00e9sre publik\u00e1ci\u00f3k. Az eredm\u00e9nyek \u00e9s tudom\u00e1nyos k\u00f6zlem\u00e9nyek itt ker\u00fclnek k\u00f6zz\u00e9t\u00e9telre, amint el\u00e9rhet\u0151v\u00e9 v\u00e1lnak.<\/em><\/p>\n\n\n\n<figure class=\"wp-block-table is-style-stripes\"><table class=\"has-fixed-layout\"><tbody><tr><td>Publik\u00e1ci\u00f3 sorsz\u00e1ma<\/td><td>Publik\u00e1ci\u00f3 c\u00edme<\/td><td>Munkacsoport<\/td><\/tr><tr><td><\/td><td><\/td><td><\/td><\/tr><\/tbody><\/table><\/figure>\n\n\n\n<p><\/p>\n","protected":false},"excerpt":{"rendered":"<p>Fedezze fel, hogyan j\u00e1rul hozz\u00e1 a GREENQUAL projekt a v\u00e1rosi fenntarthat\u00f3s\u00e1g el\u0151mozd\u00edt\u00e1s\u00e1hoz a z\u00f6ldfel\u00fcletek fejleszt\u00e9s\u00e9vel \u00e9s azok hat\u00e1sainak vizsg\u00e1lat\u00e1val k\u00fcl\u00f6nb\u00f6z\u0151 v\u00e1rossz\u00f6vetekben \u00e9s \u00e9ghajlati \u00f6vezetekben. Oszak\u00e1t\u00f3l Krakk\u00f3n \u00e9s Budapesten \u00e1t kutat\u00e1saink felt\u00e1rj\u00e1k, mik\u00e9nt jav\u00edtja a n\u00f6v\u00e9nyzet a leveg\u0151, a v\u00edz \u00e9s a talaj min\u0151s\u00e9g\u00e9t, hogyan m\u00e9rs\u00e9kli a v\u00e1rosi h\u0151sziget-hat\u00e1st \u00e9s a vill\u00e1m\u00e1rvizeket, valamint mik\u00e9nt er\u0151s\u00edti az [&hellip;]<\/p>\n","protected":false},"author":1,"featured_media":0,"parent":0,"menu_order":0,"comment_status":"closed","ping_status":"closed","template":"","meta":{"footnotes":""},"class_list":["post-110","page","type-page","status-publish","hentry"],"_links":{"self":[{"href":"https:\/\/greenqual.eu\/index.php?rest_route=\/wp\/v2\/pages\/110","targetHints":{"allow":["GET"]}}],"collection":[{"href":"https:\/\/greenqual.eu\/index.php?rest_route=\/wp\/v2\/pages"}],"about":[{"href":"https:\/\/greenqual.eu\/index.php?rest_route=\/wp\/v2\/types\/page"}],"author":[{"embeddable":true,"href":"https:\/\/greenqual.eu\/index.php?rest_route=\/wp\/v2\/users\/1"}],"replies":[{"embeddable":true,"href":"https:\/\/greenqual.eu\/index.php?rest_route=%2Fwp%2Fv2%2Fcomments&post=110"}],"version-history":[{"count":5,"href":"https:\/\/greenqual.eu\/index.php?rest_route=\/wp\/v2\/pages\/110\/revisions"}],"predecessor-version":[{"id":280,"href":"https:\/\/greenqual.eu\/index.php?rest_route=\/wp\/v2\/pages\/110\/revisions\/280"}],"wp:attachment":[{"href":"https:\/\/greenqual.eu\/index.php?rest_route=%2Fwp%2Fv2%2Fmedia&parent=110"}],"curies":[{"name":"wp","href":"https:\/\/api.w.org\/{rel}","templated":true}]}}