{"id":130,"date":"2025-08-18T14:19:00","date_gmt":"2025-08-18T14:19:00","guid":{"rendered":"https:\/\/greenqual.eu\/?page_id=130"},"modified":"2025-09-01T10:27:51","modified_gmt":"2025-09-01T10:27:51","slug":"kapcsolat","status":"publish","type":"page","link":"https:\/\/greenqual.eu\/?page_id=130&lang=hu","title":{"rendered":"Kapcsolat"},"content":{"rendered":"\n<p class=\"has-medium-font-size\">A GREENQUAL projektr\u0151l, egy\u00fcttm\u0171k\u00f6d\u00e9si lehet\u0151s\u00e9gekr\u0151l vagy m\u00e9diamegkeres\u00e9sekkel kapcsolatban k\u00e9rj\u00fck, vegye fel a kapcsolatot kutat\u00f3csoportunkkal. V\u00e1rjuk megkeres\u00e9s\u00e9t.<\/p>\n\n\n\n<p class=\"has-medium-font-size\">\ud83d\udce7 <em>E-mail:<\/em> zoltan.zold@f4ster.hu<\/p>\n\n\n\n<p><\/p>\n","protected":false},"excerpt":{"rendered":"<p>A GREENQUAL projektr\u0151l, egy\u00fcttm\u0171k\u00f6d\u00e9si lehet\u0151s\u00e9gekr\u0151l vagy m\u00e9diamegkeres\u00e9sekkel kapcsolatban k\u00e9rj\u00fck, vegye fel a kapcsolatot kutat\u00f3csoportunkkal. V\u00e1rjuk megkeres\u00e9s\u00e9t. \ud83d\udce7 E-mail: zoltan.zold@f4ster.hu<\/p>\n","protected":false},"author":1,"featured_media":0,"parent":0,"menu_order":0,"comment_status":"closed","ping_status":"closed","template":"","meta":{"footnotes":""},"class_list":["post-130","page","type-page","status-publish","hentry"],"_links":{"self":[{"href":"https:\/\/greenqual.eu\/index.php?rest_route=\/wp\/v2\/pages\/130","targetHints":{"allow":["GET"]}}],"collection":[{"href":"https:\/\/greenqual.eu\/index.php?rest_route=\/wp\/v2\/pages"}],"about":[{"href":"https:\/\/greenqual.eu\/index.php?rest_route=\/wp\/v2\/types\/page"}],"author":[{"embeddable":true,"href":"https:\/\/greenqual.eu\/index.php?rest_route=\/wp\/v2\/users\/1"}],"replies":[{"embeddable":true,"href":"https:\/\/greenqual.eu\/index.php?rest_route=%2Fwp%2Fv2%2Fcomments&post=130"}],"version-history":[{"count":4,"href":"https:\/\/greenqual.eu\/index.php?rest_route=\/wp\/v2\/pages\/130\/revisions"}],"predecessor-version":[{"id":326,"href":"https:\/\/greenqual.eu\/index.php?rest_route=\/wp\/v2\/pages\/130\/revisions\/326"}],"wp:attachment":[{"href":"https:\/\/greenqual.eu\/index.php?rest_route=%2Fwp%2Fv2%2Fmedia&parent=130"}],"curies":[{"name":"wp","href":"https:\/\/api.w.org\/{rel}","templated":true}]}}