{"id":200,"date":"2025-08-22T10:13:40","date_gmt":"2025-08-22T10:13:40","guid":{"rendered":"https:\/\/greenqual.eu\/?page_id=200"},"modified":"2025-09-08T13:51:42","modified_gmt":"2025-09-08T13:51:42","slug":"hirek","status":"publish","type":"page","link":"https:\/\/greenqual.eu\/?page_id=200&lang=hu","title":{"rendered":"H\u00edrek"},"content":{"rendered":"\n<div class=\"wp-block-media-text is-stacked-on-mobile\" style=\"grid-template-columns:33% auto\"><figure class=\"wp-block-media-text__media\"><a href=\"https:\/\/greenqual.eu\/?page_id=211&amp;lang=hu\"><img loading=\"lazy\" decoding=\"async\" width=\"1024\" height=\"768\" src=\"https:\/\/greenqual.eu\/wp-content\/uploads\/2025\/08\/image-2.jpg\" alt=\"\" class=\"wp-image-217 size-full\" srcset=\"https:\/\/greenqual.eu\/wp-content\/uploads\/2025\/08\/image-2.jpg 1024w, https:\/\/greenqual.eu\/wp-content\/uploads\/2025\/08\/image-2-300x225.jpg 300w, https:\/\/greenqual.eu\/wp-content\/uploads\/2025\/08\/image-2-768x576.jpg 768w\" sizes=\"auto, (max-width: 1024px) 100vw, 1024px\" \/><\/a><\/figure><div class=\"wp-block-media-text__content\">\n<p style=\"font-size:25px\"><a href=\"https:\/\/greenqual.eu\/?page_id=211&amp;lang=hu\" data-type=\"page\" data-id=\"211\"><strong>GreenQual m\u00e9r\u00e9s sorozat az \u00d3budai Egyetemen<\/strong><\/a><\/p>\n<\/div><\/div>\n\n\n\n<p><\/p>\n\n\n\n<div class=\"wp-block-media-text is-stacked-on-mobile\" style=\"grid-template-columns:33% auto\"><figure class=\"wp-block-media-text__media\"><a href=\"https:\/\/greenqual.eu\/?page_id=220&amp;lang=hu\"><img decoding=\"async\" src=\"https:\/\/greenqual.eu\/wp-content\/uploads\/2025\/08\/att.6X0S72rivJHX99sRkYkVvuVcRyLzmyadKte9J87U-eo-2-1024x683.jpg\" alt=\"\" class=\"wp-image-227 size-full\"\/><\/a><\/figure><div class=\"wp-block-media-text__content\">\n<p style=\"font-size:25px\"><a href=\"https:\/\/greenqual.eu\/?page_id=220&amp;lang=hu\" data-type=\"page\" data-id=\"220\"><strong>Ybl Conference 2025<\/strong><\/a><\/p>\n<\/div><\/div>\n\n\n\n<p><\/p>\n\n\n\n<div class=\"wp-block-media-text is-stacked-on-mobile\" style=\"grid-template-columns:33% auto\"><figure class=\"wp-block-media-text__media\"><a href=\"https:\/\/greenqual.eu\/?page_id=230&amp;lang=hu\"><img loading=\"lazy\" decoding=\"async\" width=\"1024\" height=\"672\" src=\"https:\/\/greenqual.eu\/wp-content\/uploads\/2025\/08\/IMG_2488-1-e1751455075437-1024x672.jpeg\" alt=\"\" class=\"wp-image-231 size-full\" srcset=\"https:\/\/greenqual.eu\/wp-content\/uploads\/2025\/08\/IMG_2488-1-e1751455075437-1024x672.jpeg 1024w, https:\/\/greenqual.eu\/wp-content\/uploads\/2025\/08\/IMG_2488-1-e1751455075437-300x197.jpeg 300w, https:\/\/greenqual.eu\/wp-content\/uploads\/2025\/08\/IMG_2488-1-e1751455075437-768x504.jpeg 768w, https:\/\/greenqual.eu\/wp-content\/uploads\/2025\/08\/IMG_2488-1-e1751455075437-1536x1008.jpeg 1536w, https:\/\/greenqual.eu\/wp-content\/uploads\/2025\/08\/IMG_2488-1-e1751455075437-2048x1345.jpeg 2048w\" sizes=\"auto, (max-width: 1024px) 100vw, 1024px\" \/><\/a><\/figure><div class=\"wp-block-media-text__content\">\n<p style=\"font-size:25px\"><a href=\"https:\/\/greenqual.eu\/?page_id=230&amp;lang=hu\" data-type=\"page\" data-id=\"230\"><strong>SACI Conference 2025<\/strong><\/a><\/p>\n<\/div><\/div>\n\n\n\n<p><\/p>\n\n\n\n<div class=\"wp-block-media-text is-stacked-on-mobile\" style=\"grid-template-columns:33% auto\"><figure class=\"wp-block-media-text__media\"><a href=\"https:\/\/greenqual.eu\/?page_id=233&amp;lang=hu\"><img loading=\"lazy\" decoding=\"async\" width=\"600\" height=\"400\" src=\"https:\/\/greenqual.eu\/wp-content\/uploads\/2025\/08\/1733203530559.jpeg\" alt=\"\" class=\"wp-image-234 size-full\" srcset=\"https:\/\/greenqual.eu\/wp-content\/uploads\/2025\/08\/1733203530559.jpeg 600w, https:\/\/greenqual.eu\/wp-content\/uploads\/2025\/08\/1733203530559-300x200.jpeg 300w\" sizes=\"auto, (max-width: 600px) 100vw, 600px\" \/><\/a><\/figure><div class=\"wp-block-media-text__content\">\n<p style=\"font-size:25px\"><a href=\"https:\/\/greenqual.eu\/?page_id=233&amp;lang=hu\" data-type=\"page\" data-id=\"233\"><strong>10. k\u00f6z\u00f6s p\u00e1ly\u00e1zatind\u00edt\u00f3 workshop<\/strong><\/a><\/p>\n<\/div><\/div>\n\n\n\n<p><\/p>\n\n\n\n<div class=\"wp-block-media-text is-stacked-on-mobile\" style=\"grid-template-columns:33% auto\"><figure class=\"wp-block-media-text__media\"><a href=\"https:\/\/greenqual.eu\/?page_id=236&amp;lang=hu\"><img loading=\"lazy\" decoding=\"async\" width=\"1024\" height=\"768\" src=\"https:\/\/greenqual.eu\/wp-content\/uploads\/2025\/08\/IMG_2529-1024x768.jpeg\" alt=\"\" class=\"wp-image-238 size-full\" srcset=\"https:\/\/greenqual.eu\/wp-content\/uploads\/2025\/08\/IMG_2529-1024x768.jpeg 1024w, https:\/\/greenqual.eu\/wp-content\/uploads\/2025\/08\/IMG_2529-300x225.jpeg 300w, https:\/\/greenqual.eu\/wp-content\/uploads\/2025\/08\/IMG_2529-768x576.jpeg 768w, https:\/\/greenqual.eu\/wp-content\/uploads\/2025\/08\/IMG_2529-1536x1152.jpeg 1536w, https:\/\/greenqual.eu\/wp-content\/uploads\/2025\/08\/IMG_2529-2048x1536.jpeg 2048w\" sizes=\"auto, (max-width: 1024px) 100vw, 1024px\" \/><\/a><\/figure><div class=\"wp-block-media-text__content\">\n<p style=\"font-size:25px\"><a href=\"https:\/\/greenqual.eu\/?page_id=236&amp;lang=hu\" data-type=\"page\" data-id=\"236\"><strong>GreenQual Workshop Krakk\u00f3ban<\/strong><\/a><\/p>\n<\/div><\/div>\n\n\n\n<p><\/p>\n","protected":false},"excerpt":{"rendered":"<p>GreenQual m\u00e9r\u00e9s sorozat az \u00d3budai Egyetemen Ybl Conference 2025 SACI Conference 2025 10. k\u00f6z\u00f6s p\u00e1ly\u00e1zatind\u00edt\u00f3 workshop GreenQual Workshop Krakk\u00f3ban<\/p>\n","protected":false},"author":1,"featured_media":0,"parent":0,"menu_order":0,"comment_status":"closed","ping_status":"closed","template":"","meta":{"footnotes":""},"class_list":["post-200","page","type-page","status-publish","hentry"],"_links":{"self":[{"href":"https:\/\/greenqual.eu\/index.php?rest_route=\/wp\/v2\/pages\/200","targetHints":{"allow":["GET"]}}],"collection":[{"href":"https:\/\/greenqual.eu\/index.php?rest_route=\/wp\/v2\/pages"}],"about":[{"href":"https:\/\/greenqual.eu\/index.php?rest_route=\/wp\/v2\/types\/page"}],"author":[{"embeddable":true,"href":"https:\/\/greenqual.eu\/index.php?rest_route=\/wp\/v2\/users\/1"}],"replies":[{"embeddable":true,"href":"https:\/\/greenqual.eu\/index.php?rest_route=%2Fwp%2Fv2%2Fcomments&post=200"}],"version-history":[{"count":11,"href":"https:\/\/greenqual.eu\/index.php?rest_route=\/wp\/v2\/pages\/200\/revisions"}],"predecessor-version":[{"id":364,"href":"https:\/\/greenqual.eu\/index.php?rest_route=\/wp\/v2\/pages\/200\/revisions\/364"}],"wp:attachment":[{"href":"https:\/\/greenqual.eu\/index.php?rest_route=%2Fwp%2Fv2%2Fmedia&parent=200"}],"curies":[{"name":"wp","href":"https:\/\/api.w.org\/{rel}","templated":true}]}}