{"id":211,"date":"2025-08-22T11:10:13","date_gmt":"2025-08-22T11:10:13","guid":{"rendered":"https:\/\/greenqual.eu\/?page_id=211"},"modified":"2025-08-25T08:11:02","modified_gmt":"2025-08-25T08:11:02","slug":"greenqual-mereskampany-az-obudai-egyetemen","status":"publish","type":"page","link":"https:\/\/greenqual.eu\/?page_id=211&lang=hu","title":{"rendered":"GreenQual m\u00e9r\u00e9skamp\u00e1ny az \u00d3budai Egyetemen"},"content":{"rendered":"\n<div class=\"wp-block-cover\"><img loading=\"lazy\" decoding=\"async\" width=\"1024\" height=\"768\" class=\"wp-block-cover__image-background wp-image-212 size-full\" alt=\"\" src=\"https:\/\/greenqual.eu\/wp-content\/uploads\/2025\/08\/image.jpg\" data-object-fit=\"cover\" srcset=\"https:\/\/greenqual.eu\/wp-content\/uploads\/2025\/08\/image.jpg 1024w, https:\/\/greenqual.eu\/wp-content\/uploads\/2025\/08\/image-300x225.jpg 300w, https:\/\/greenqual.eu\/wp-content\/uploads\/2025\/08\/image-768x576.jpg 768w\" sizes=\"auto, (max-width: 1024px) 100vw, 1024px\" \/><span aria-hidden=\"true\" class=\"wp-block-cover__background has-background-dim\" style=\"background-color:#787368\"><\/span><div class=\"wp-block-cover__inner-container is-layout-constrained wp-block-cover-is-layout-constrained\">\n<p class=\"has-text-align-center has-large-font-size\"><\/p>\n<\/div><\/div>\n\n\n\n<p style=\"font-size:20px\">Az \u00d3budai Egyetem oktat\u00f3i \u00e9s hallgat\u00f3i a nemzetk\u00f6zi Greenqual kutat\u00e1si projekt \u00fajabb m\u00e9rf\u00f6ldk\u00f6v\u00e9hez \u00e9rkeztek: j\u00falius 21\u201325. k\u00f6z\u00f6tt, egy teljes h\u00e9ten \u00e1t, t\u00f6bb helysz\u00ednen zajlottak mikrokl\u00edma-m\u00e9r\u00e9sek, melyek sor\u00e1n r\u00f6gz\u00edtett\u00fck a h\u0151m\u00e9rs\u00e9kletet, a relat\u00edv p\u00e1ratartalmat, l\u00e9gmin\u0151s\u00e9get, a\u00a0sz\u00e9lviszonyok alakul\u00e1s\u00e1t\u00a0\u00e9s a megvil\u00e1g\u00edt\u00e1s intenzit\u00e1s\u00e1t.<br><br>A munka f\u0151 c\u00e9lja az volt, hogy val\u00f3s k\u00f6rnyezeti adatokat gy\u0171jts\u00fcnk\u00a0a jelenlegi ny\u00e1ri h\u0151sziget effektus status quo-j\u00e1r\u00f3l, valamint nyersanyagot kapjunk a k\u00e9s\u0151bbi v\u00e1rosi szimul\u00e1ci\u00f3k valid\u00e1l\u00e1s\u00e1hoz. Egy-egy c\u00e9lter\u00fcleten bel\u00fcl t\u00f6bb m\u00e9r\u00e9si pontot is kijel\u00f6lt\u00fcnk, ahol f\u00e9l \u00f3r\u00e1n kereszt\u00fcl v\u00e9gezt\u00fcnk m\u00e9r\u00e9seket. \u00c1tlagosan egy c\u00e9lter\u00fcleten bel\u00fcl 4\u20137 alkalommal ism\u00e9telt\u00fck meg ezt a folyamatot, \u00edgy pontosabb \u00e9s megb\u00edzhat\u00f3bb adatb\u00e1zist hoztunk l\u00e9tre.<br><br>A m\u00e9r\u00e9skamp\u00e1ny helysz\u00ednei:<br><br>V\u00e1rosliget \u2013 Napoz\u00f3r\u00e9t<br>P\u00e9terfy S\u00e1ndor utca<br>Blaha Lujza t\u00e9r<br>Andr\u00e1ssy \u00fat<br>Kopaszi-g\u00e1t<br><br>A r\u00f6gz\u00edtett \u00e1llom\u00e1sok \u00e1ltal v\u00e9gzett m\u00e9r\u00e9sek mellett folyamatos h\u0151kamer\u00e1s felv\u00e9telek is k\u00e9sz\u00fcltek, amelyek tov\u00e1bbi \u00e9rt\u00e9kes inform\u00e1ci\u00f3kkal seg\u00edtik a kutat\u00e1st.<br><br>K\u00f6sz\u00f6nj\u00fck minden r\u00e9sztvev\u0151 lelkes munk\u00e1j\u00e1t \u00e9s elk\u00f6telezetts\u00e9g\u00e9t!<br><br><a href=\"https:\/\/ybl.uni-obuda.hu\/wp-content\/uploads\/2025\/08\/image.jpg\"><\/a><\/p>\n\n\n\n<figure class=\"wp-block-gallery has-nested-images columns-default is-cropped wp-block-gallery-1 is-layout-flex wp-block-gallery-is-layout-flex\">\n<figure class=\"wp-block-image size-large\"><img loading=\"lazy\" decoding=\"async\" width=\"768\" height=\"1024\" data-id=\"214\" src=\"https:\/\/greenqual.eu\/wp-content\/uploads\/2025\/08\/image3.jpg\" alt=\"\" class=\"wp-image-214\" srcset=\"https:\/\/greenqual.eu\/wp-content\/uploads\/2025\/08\/image3.jpg 768w, https:\/\/greenqual.eu\/wp-content\/uploads\/2025\/08\/image3-225x300.jpg 225w\" sizes=\"auto, (max-width: 768px) 100vw, 768px\" \/><\/figure>\n\n\n\n<figure class=\"wp-block-image size-large\"><img loading=\"lazy\" decoding=\"async\" width=\"1024\" height=\"768\" data-id=\"215\" src=\"https:\/\/greenqual.eu\/wp-content\/uploads\/2025\/08\/image1.jpg\" alt=\"\" class=\"wp-image-215\" srcset=\"https:\/\/greenqual.eu\/wp-content\/uploads\/2025\/08\/image1.jpg 1024w, https:\/\/greenqual.eu\/wp-content\/uploads\/2025\/08\/image1-300x225.jpg 300w, https:\/\/greenqual.eu\/wp-content\/uploads\/2025\/08\/image1-768x576.jpg 768w\" sizes=\"auto, (max-width: 1024px) 100vw, 1024px\" \/><\/figure>\n\n\n\n<figure class=\"wp-block-image size-large\"><img decoding=\"async\" data-id=\"213\" src=\"https:\/\/greenqual.eu\/wp-content\/uploads\/2025\/08\/image-1.jpg\" alt=\"\" class=\"wp-image-213\"\/><\/figure>\n<\/figure>\n\n\n\n<p>A GreenQual: A z\u00f6ldfel\u00fcletek szerep\u00e9nek vizsg\u00e1lata az \u00e9ghajlatv\u00e1ltoz\u00e1shoz val\u00f3 alkalmazkod\u00f3k\u00e9pess\u00e9g, a v\u00edz-, talaj- \u00e9s leveg\u0151min\u0151s\u00e9g jav\u00edt\u00e1s\u00e1ban s\u0171r\u0171 v\u00e1rosi sz\u00f6vetben c\u00edm\u0171 projektet az European Interest Group (EIG), a CONCERT-Japan \u00e9s a magyar NKFI hivatal t\u00e1rsfinansz\u00edrozza a 2024-1.2.2-ERA_NET-2024-00006 sz\u00e1m\u00fa t\u00e1mogat\u00e1si sz\u00e1m alatt.<\/p>\n\n\n\n<figure class=\"wp-block-image size-large\"><img loading=\"lazy\" decoding=\"async\" width=\"1024\" height=\"360\" src=\"https:\/\/greenqual.eu\/wp-content\/uploads\/2025\/08\/nrdi-1024x360.png\" alt=\"\" class=\"wp-image-228\" srcset=\"https:\/\/greenqual.eu\/wp-content\/uploads\/2025\/08\/nrdi-1024x360.png 1024w, https:\/\/greenqual.eu\/wp-content\/uploads\/2025\/08\/nrdi-300x106.png 300w, https:\/\/greenqual.eu\/wp-content\/uploads\/2025\/08\/nrdi-768x270.png 768w, https:\/\/greenqual.eu\/wp-content\/uploads\/2025\/08\/nrdi-1536x541.png 1536w, https:\/\/greenqual.eu\/wp-content\/uploads\/2025\/08\/nrdi-2048x721.png 2048w\" sizes=\"auto, (max-width: 1024px) 100vw, 1024px\" \/><\/figure>\n","protected":false},"excerpt":{"rendered":"<p>Az \u00d3budai Egyetem oktat\u00f3i \u00e9s hallgat\u00f3i a nemzetk\u00f6zi Greenqual kutat\u00e1si projekt \u00fajabb m\u00e9rf\u00f6ldk\u00f6v\u00e9hez \u00e9rkeztek: j\u00falius 21\u201325. k\u00f6z\u00f6tt, egy teljes h\u00e9ten \u00e1t, t\u00f6bb helysz\u00ednen zajlottak mikrokl\u00edma-m\u00e9r\u00e9sek, melyek sor\u00e1n r\u00f6gz\u00edtett\u00fck a h\u0151m\u00e9rs\u00e9kletet, a relat\u00edv p\u00e1ratartalmat, l\u00e9gmin\u0151s\u00e9get, a\u00a0sz\u00e9lviszonyok alakul\u00e1s\u00e1t\u00a0\u00e9s a megvil\u00e1g\u00edt\u00e1s intenzit\u00e1s\u00e1t. A munka f\u0151 c\u00e9lja az volt, hogy val\u00f3s k\u00f6rnyezeti adatokat gy\u0171jts\u00fcnk\u00a0a jelenlegi ny\u00e1ri h\u0151sziget effektus status [&hellip;]<\/p>\n","protected":false},"author":1,"featured_media":0,"parent":0,"menu_order":0,"comment_status":"closed","ping_status":"closed","template":"","meta":{"footnotes":""},"class_list":["post-211","page","type-page","status-publish","hentry"],"_links":{"self":[{"href":"https:\/\/greenqual.eu\/index.php?rest_route=\/wp\/v2\/pages\/211","targetHints":{"allow":["GET"]}}],"collection":[{"href":"https:\/\/greenqual.eu\/index.php?rest_route=\/wp\/v2\/pages"}],"about":[{"href":"https:\/\/greenqual.eu\/index.php?rest_route=\/wp\/v2\/types\/page"}],"author":[{"embeddable":true,"href":"https:\/\/greenqual.eu\/index.php?rest_route=\/wp\/v2\/users\/1"}],"replies":[{"embeddable":true,"href":"https:\/\/greenqual.eu\/index.php?rest_route=%2Fwp%2Fv2%2Fcomments&post=211"}],"version-history":[{"count":2,"href":"https:\/\/greenqual.eu\/index.php?rest_route=\/wp\/v2\/pages\/211\/revisions"}],"predecessor-version":[{"id":245,"href":"https:\/\/greenqual.eu\/index.php?rest_route=\/wp\/v2\/pages\/211\/revisions\/245"}],"wp:attachment":[{"href":"https:\/\/greenqual.eu\/index.php?rest_route=%2Fwp%2Fv2%2Fmedia&parent=211"}],"curies":[{"name":"wp","href":"https:\/\/api.w.org\/{rel}","templated":true}]}}