{"id":220,"date":"2025-08-22T11:25:09","date_gmt":"2025-08-22T11:25:09","guid":{"rendered":"https:\/\/greenqual.eu\/?page_id=220"},"modified":"2025-08-22T12:04:54","modified_gmt":"2025-08-22T12:04:54","slug":"greenqual-a-3rd-ybl-conference-on-the-built-environment-konferencian","status":"publish","type":"page","link":"https:\/\/greenqual.eu\/?page_id=220&lang=hu","title":{"rendered":"GreenQual a 3rd Ybl Conference on the Built Environment konferenci\u00e1n"},"content":{"rendered":"\n<div class=\"wp-block-cover\"><img decoding=\"async\" class=\"wp-block-cover__image-background wp-image-227 size-large\" alt=\"\" src=\"https:\/\/greenqual.eu\/wp-content\/uploads\/2025\/08\/att.6X0S72rivJHX99sRkYkVvuVcRyLzmyadKte9J87U-eo-2-1024x683.jpg\" data-object-fit=\"cover\"\/><span aria-hidden=\"true\" class=\"wp-block-cover__background has-background-dim\" style=\"background-color:#7f7e7d\"><\/span><div class=\"wp-block-cover__inner-container is-layout-constrained wp-block-cover-is-layout-constrained\">\n<p class=\"has-text-align-center has-large-font-size\"><\/p>\n<\/div><\/div>\n\n\n\n<p style=\"font-size:20px\">\u00d6r\u00f6mmel sz\u00e1molunk be r\u00f3la, hogy az \u00d3budai Egyetem Ybl Mikl\u00f3s \u00c9p\u00edt\u00e9studom\u00e1nyi Kar k\u00e9t hallgat\u00f3ja, N\u00e1n\u00e1si Marcell \u00e9s Kolman Martin, sikeresen k\u00e9pviselt\u00e9k int\u00e9zm\u00e9ny\u00fcnket a 3rd Ybl Conference on the Built Environment tudom\u00e1nyos rendezv\u00e9nyen, ahol a Greenqual nemzetk\u00f6zi kutat\u00e1si projekt keret\u00e9ben el\u00e9rt eredm\u00e9nyeiket mutatt\u00e1k be.<\/p>\n\n\n\n<p style=\"font-size:20px\">N\u00e1n\u00e1si Marcell konferencia-el\u0151ad\u00e1s\u00e1ban a passz\u00edv szell\u0151ztet\u0151 rendszerek v\u00e1rosi alkalmazhat\u00f3s\u00e1g\u00e1t vizsg\u00e1lta a budapesti v\u00e1rosi terek kontextus\u00e1ban. El\u0151ad\u00e1s\u00e1ban bemutatta, hogyan haszn\u00e1lhat\u00f3k fel a term\u00e9szetes l\u00e9gmozg\u00e1sra \u00e9s h\u0151m\u00e9rs\u00e9klet-k\u00fcl\u00f6nbs\u00e9gekre \u00e9p\u00fcl\u0151 megold\u00e1sok a v\u00e1rosi h\u0151sziget-hat\u00e1s (UHI) enyh\u00edt\u00e9s\u00e9re.&nbsp;A kutat\u00e1s c\u00e9lja, hogy megalapozza a passz\u00edv szell\u0151z\u00e9s v\u00e1rosi k\u00f6ztereken t\u00f6rt\u00e9n\u0151 alkalmaz\u00e1s\u00e1t, \u00e9s el\u0151k\u00e9sz\u00edtse a helysz\u00edni adatok alapj\u00e1n t\u00f6rt\u00e9n\u0151 j\u00f6v\u0151beli szimul\u00e1ci\u00f3kat.<\/p>\n\n\n\n<p style=\"font-size:20px\">Kolman Martin posztere szint\u00e9n a GreenQual projekt keret\u00e9ben v\u00e9gzett munk\u00e1t mutatta be, amely helysz\u00edni m\u00e9r\u00e9seken kereszt\u00fcl vizsg\u00e1lja a v\u00e1rosi k\u00f6rnyezet mikroklimatikus saj\u00e1toss\u00e1gait. Posztere l\u00e1tv\u00e1nyosan szeml\u00e9ltette a kutat\u00e1s m\u00e9r\u00e9si m\u00f3dszereit, els\u0151dleges eredm\u00e9nyeit \u00e9s ezek kapcsolat\u00e1t a fenntarthat\u00f3 v\u00e1rosfejleszt\u00e9s c\u00e9ljaival.<\/p>\n\n\n\n<p style=\"font-size:20px\">Gratul\u00e1lunk hallgat\u00f3inknak az elk\u00f6telezett munk\u00e1\u00e9rt, \u00e9s hogy hozz\u00e1j\u00e1rulnak a v\u00e1rosi kl\u00edmaadapt\u00e1ci\u00f3 \u00e9s a k\u00f6rnyezetbar\u00e1t \u00e9p\u00edt\u00e9szeti megold\u00e1sok el\u0151mozd\u00edt\u00e1s\u00e1hoz!<\/p>\n\n\n\n<figure class=\"wp-block-gallery has-nested-images columns-default is-cropped wp-block-gallery-1 is-layout-flex wp-block-gallery-is-layout-flex\">\n<figure class=\"wp-block-image size-large\"><img loading=\"lazy\" decoding=\"async\" width=\"768\" height=\"1024\" data-id=\"226\" src=\"https:\/\/greenqual.eu\/wp-content\/uploads\/2025\/08\/IMG_9946-rotated-1-768x1024.jpeg\" alt=\"\" class=\"wp-image-226\" srcset=\"https:\/\/greenqual.eu\/wp-content\/uploads\/2025\/08\/IMG_9946-rotated-1-768x1024.jpeg 768w, https:\/\/greenqual.eu\/wp-content\/uploads\/2025\/08\/IMG_9946-rotated-1-225x300.jpeg 225w, https:\/\/greenqual.eu\/wp-content\/uploads\/2025\/08\/IMG_9946-rotated-1-1152x1536.jpeg 1152w, https:\/\/greenqual.eu\/wp-content\/uploads\/2025\/08\/IMG_9946-rotated-1-1536x2048.jpeg 1536w, https:\/\/greenqual.eu\/wp-content\/uploads\/2025\/08\/IMG_9946-rotated-1-scaled.jpeg 1920w\" sizes=\"auto, (max-width: 768px) 100vw, 768px\" \/><\/figure>\n\n\n\n<figure class=\"wp-block-image size-large\"><img loading=\"lazy\" decoding=\"async\" width=\"1024\" height=\"683\" data-id=\"221\" src=\"https:\/\/greenqual.eu\/wp-content\/uploads\/2025\/08\/att.6X0S72rivJHX99sRkYkVvuVcRyLzmyadKte9J87U-eo-1024x683.jpg\" alt=\"\" class=\"wp-image-221\" srcset=\"https:\/\/greenqual.eu\/wp-content\/uploads\/2025\/08\/att.6X0S72rivJHX99sRkYkVvuVcRyLzmyadKte9J87U-eo-1024x683.jpg 1024w, https:\/\/greenqual.eu\/wp-content\/uploads\/2025\/08\/att.6X0S72rivJHX99sRkYkVvuVcRyLzmyadKte9J87U-eo-300x200.jpg 300w, https:\/\/greenqual.eu\/wp-content\/uploads\/2025\/08\/att.6X0S72rivJHX99sRkYkVvuVcRyLzmyadKte9J87U-eo-768x512.jpg 768w, https:\/\/greenqual.eu\/wp-content\/uploads\/2025\/08\/att.6X0S72rivJHX99sRkYkVvuVcRyLzmyadKte9J87U-eo-1536x1024.jpg 1536w, https:\/\/greenqual.eu\/wp-content\/uploads\/2025\/08\/att.6X0S72rivJHX99sRkYkVvuVcRyLzmyadKte9J87U-eo.jpg 2048w\" sizes=\"auto, (max-width: 1024px) 100vw, 1024px\" \/><\/figure>\n\n\n\n<figure class=\"wp-block-image size-large\"><img decoding=\"async\" data-id=\"222\" src=\"https:\/\/greenqual.eu\/wp-content\/uploads\/2025\/08\/att.6X0S72rivJHX99sRkYkVvuVcRyLzmyadKte9J87U-eo-1-1024x683.jpg\" alt=\"\" class=\"wp-image-222\"\/><\/figure>\n\n\n\n<figure class=\"wp-block-image size-large\"><img loading=\"lazy\" decoding=\"async\" width=\"1024\" height=\"768\" data-id=\"223\" src=\"https:\/\/greenqual.eu\/wp-content\/uploads\/2025\/08\/att.rvX5r8kf-OXzmVGwm226lm0X5kaWj6QR35OWzzF9jy0-1-1-1024x768.jpg\" alt=\"\" class=\"wp-image-223\" srcset=\"https:\/\/greenqual.eu\/wp-content\/uploads\/2025\/08\/att.rvX5r8kf-OXzmVGwm226lm0X5kaWj6QR35OWzzF9jy0-1-1-1024x768.jpg 1024w, https:\/\/greenqual.eu\/wp-content\/uploads\/2025\/08\/att.rvX5r8kf-OXzmVGwm226lm0X5kaWj6QR35OWzzF9jy0-1-1-300x225.jpg 300w, https:\/\/greenqual.eu\/wp-content\/uploads\/2025\/08\/att.rvX5r8kf-OXzmVGwm226lm0X5kaWj6QR35OWzzF9jy0-1-1-768x576.jpg 768w, https:\/\/greenqual.eu\/wp-content\/uploads\/2025\/08\/att.rvX5r8kf-OXzmVGwm226lm0X5kaWj6QR35OWzzF9jy0-1-1-1536x1152.jpg 1536w, https:\/\/greenqual.eu\/wp-content\/uploads\/2025\/08\/att.rvX5r8kf-OXzmVGwm226lm0X5kaWj6QR35OWzzF9jy0-1-1.jpg 2048w\" sizes=\"auto, (max-width: 1024px) 100vw, 1024px\" \/><\/figure>\n\n\n\n<figure class=\"wp-block-image size-large\"><img loading=\"lazy\" decoding=\"async\" width=\"1024\" height=\"768\" data-id=\"225\" src=\"https:\/\/greenqual.eu\/wp-content\/uploads\/2025\/08\/att.rvX5r8kf-OXzmVGwm226lm0X5kaWj6QR35OWzzF9jy0-1-1024x768.jpg\" alt=\"\" class=\"wp-image-225\" srcset=\"https:\/\/greenqual.eu\/wp-content\/uploads\/2025\/08\/att.rvX5r8kf-OXzmVGwm226lm0X5kaWj6QR35OWzzF9jy0-1-1024x768.jpg 1024w, https:\/\/greenqual.eu\/wp-content\/uploads\/2025\/08\/att.rvX5r8kf-OXzmVGwm226lm0X5kaWj6QR35OWzzF9jy0-1-300x225.jpg 300w, https:\/\/greenqual.eu\/wp-content\/uploads\/2025\/08\/att.rvX5r8kf-OXzmVGwm226lm0X5kaWj6QR35OWzzF9jy0-1-768x576.jpg 768w, https:\/\/greenqual.eu\/wp-content\/uploads\/2025\/08\/att.rvX5r8kf-OXzmVGwm226lm0X5kaWj6QR35OWzzF9jy0-1-1536x1152.jpg 1536w, https:\/\/greenqual.eu\/wp-content\/uploads\/2025\/08\/att.rvX5r8kf-OXzmVGwm226lm0X5kaWj6QR35OWzzF9jy0-1.jpg 2048w\" sizes=\"auto, (max-width: 1024px) 100vw, 1024px\" \/><\/figure>\n\n\n\n<figure class=\"wp-block-image size-large\"><img loading=\"lazy\" decoding=\"async\" width=\"1024\" height=\"683\" data-id=\"224\" src=\"https:\/\/greenqual.eu\/wp-content\/uploads\/2025\/08\/att.uSVMWQHPeBfZ-OQsmivAa-SNuQrfC_rUmIbLRZIwIt8-1-1024x683.jpg\" alt=\"\" class=\"wp-image-224\" srcset=\"https:\/\/greenqual.eu\/wp-content\/uploads\/2025\/08\/att.uSVMWQHPeBfZ-OQsmivAa-SNuQrfC_rUmIbLRZIwIt8-1-1024x683.jpg 1024w, https:\/\/greenqual.eu\/wp-content\/uploads\/2025\/08\/att.uSVMWQHPeBfZ-OQsmivAa-SNuQrfC_rUmIbLRZIwIt8-1-300x200.jpg 300w, https:\/\/greenqual.eu\/wp-content\/uploads\/2025\/08\/att.uSVMWQHPeBfZ-OQsmivAa-SNuQrfC_rUmIbLRZIwIt8-1-768x512.jpg 768w, https:\/\/greenqual.eu\/wp-content\/uploads\/2025\/08\/att.uSVMWQHPeBfZ-OQsmivAa-SNuQrfC_rUmIbLRZIwIt8-1-1536x1024.jpg 1536w, https:\/\/greenqual.eu\/wp-content\/uploads\/2025\/08\/att.uSVMWQHPeBfZ-OQsmivAa-SNuQrfC_rUmIbLRZIwIt8-1.jpg 2048w\" sizes=\"auto, (max-width: 1024px) 100vw, 1024px\" \/><\/figure>\n<\/figure>\n\n\n\n<p><\/p>\n\n\n\n<p>#GREENQUAL<\/p>\n\n\n\n<p>A GreenQual:&nbsp;A z\u00f6ldfel\u00fcletek szerep\u00e9nek vizsg\u00e1lata az \u00e9ghajlatv\u00e1ltoz\u00e1ssal szembeni ellen\u00e1ll\u00f3 k\u00e9pess\u00e9g, a v\u00edz, a talaj \u00e9s a leveg\u0151 min\u0151s\u00e9g\u00e9nek jav\u00edt\u00e1s\u00e1ban a s\u0171r\u0171 v\u00e1rosi sz\u00f6vetben&nbsp;c\u00edm\u0171 projektet az Eur\u00f3pai \u00c9rdekk\u00e9pviseleti Csoport (EIG) Concert-Japan \u00e9s a magyar NKFI (Nemzeti Kutat\u00e1si, Fejleszt\u00e9si \u00e9s Innov\u00e1ci\u00f3s) program k\u00f6z\u00f6sen finansz\u00edrozza a 2024-1.2.2-ERA_NET-2024-00006 sz\u00e1m\u00fa t\u00e1mogat\u00e1s keret\u00e9ben.\u200b<\/p>\n\n\n\n<figure class=\"wp-block-image size-large\"><img loading=\"lazy\" decoding=\"async\" width=\"1024\" height=\"360\" src=\"https:\/\/greenqual.eu\/wp-content\/uploads\/2025\/08\/nrdi-1024x360.png\" alt=\"\" class=\"wp-image-228\" srcset=\"https:\/\/greenqual.eu\/wp-content\/uploads\/2025\/08\/nrdi-1024x360.png 1024w, https:\/\/greenqual.eu\/wp-content\/uploads\/2025\/08\/nrdi-300x106.png 300w, https:\/\/greenqual.eu\/wp-content\/uploads\/2025\/08\/nrdi-768x270.png 768w, https:\/\/greenqual.eu\/wp-content\/uploads\/2025\/08\/nrdi-1536x541.png 1536w, https:\/\/greenqual.eu\/wp-content\/uploads\/2025\/08\/nrdi-2048x721.png 2048w\" sizes=\"auto, (max-width: 1024px) 100vw, 1024px\" \/><\/figure>\n\n\n\n<p><\/p>\n","protected":false},"excerpt":{"rendered":"<p>\u00d6r\u00f6mmel sz\u00e1molunk be r\u00f3la, hogy az \u00d3budai Egyetem Ybl Mikl\u00f3s \u00c9p\u00edt\u00e9studom\u00e1nyi Kar k\u00e9t hallgat\u00f3ja, N\u00e1n\u00e1si Marcell \u00e9s Kolman Martin, sikeresen k\u00e9pviselt\u00e9k int\u00e9zm\u00e9ny\u00fcnket a 3rd Ybl Conference on the Built Environment tudom\u00e1nyos rendezv\u00e9nyen, ahol a Greenqual nemzetk\u00f6zi kutat\u00e1si projekt keret\u00e9ben el\u00e9rt eredm\u00e9nyeiket mutatt\u00e1k be. N\u00e1n\u00e1si Marcell konferencia-el\u0151ad\u00e1s\u00e1ban a passz\u00edv szell\u0151ztet\u0151 rendszerek v\u00e1rosi alkalmazhat\u00f3s\u00e1g\u00e1t vizsg\u00e1lta a budapesti [&hellip;]<\/p>\n","protected":false},"author":1,"featured_media":0,"parent":0,"menu_order":0,"comment_status":"closed","ping_status":"closed","template":"","meta":{"footnotes":""},"class_list":["post-220","page","type-page","status-publish","hentry"],"_links":{"self":[{"href":"https:\/\/greenqual.eu\/index.php?rest_route=\/wp\/v2\/pages\/220","targetHints":{"allow":["GET"]}}],"collection":[{"href":"https:\/\/greenqual.eu\/index.php?rest_route=\/wp\/v2\/pages"}],"about":[{"href":"https:\/\/greenqual.eu\/index.php?rest_route=\/wp\/v2\/types\/page"}],"author":[{"embeddable":true,"href":"https:\/\/greenqual.eu\/index.php?rest_route=\/wp\/v2\/users\/1"}],"replies":[{"embeddable":true,"href":"https:\/\/greenqual.eu\/index.php?rest_route=%2Fwp%2Fv2%2Fcomments&post=220"}],"version-history":[{"count":3,"href":"https:\/\/greenqual.eu\/index.php?rest_route=\/wp\/v2\/pages\/220\/revisions"}],"predecessor-version":[{"id":247,"href":"https:\/\/greenqual.eu\/index.php?rest_route=\/wp\/v2\/pages\/220\/revisions\/247"}],"wp:attachment":[{"href":"https:\/\/greenqual.eu\/index.php?rest_route=%2Fwp%2Fv2%2Fmedia&parent=220"}],"curies":[{"name":"wp","href":"https:\/\/api.w.org\/{rel}","templated":true}]}}