{"id":230,"date":"2025-08-22T11:32:25","date_gmt":"2025-08-22T11:32:25","guid":{"rendered":"https:\/\/greenqual.eu\/?page_id=230"},"modified":"2025-08-25T08:14:06","modified_gmt":"2025-08-25T08:14:06","slug":"greenqual-a-saci-2025-konferencian","status":"publish","type":"page","link":"https:\/\/greenqual.eu\/?page_id=230&lang=hu","title":{"rendered":"GreenQual a SACI 2025 konferenci\u00e1n"},"content":{"rendered":"\n<div class=\"wp-block-cover is-light\"><img loading=\"lazy\" decoding=\"async\" width=\"1024\" height=\"672\" class=\"wp-block-cover__image-background wp-image-231 size-large\" alt=\"\" src=\"https:\/\/greenqual.eu\/wp-content\/uploads\/2025\/08\/IMG_2488-1-e1751455075437-1024x672.jpeg\" data-object-fit=\"cover\" srcset=\"https:\/\/greenqual.eu\/wp-content\/uploads\/2025\/08\/IMG_2488-1-e1751455075437-1024x672.jpeg 1024w, https:\/\/greenqual.eu\/wp-content\/uploads\/2025\/08\/IMG_2488-1-e1751455075437-300x197.jpeg 300w, https:\/\/greenqual.eu\/wp-content\/uploads\/2025\/08\/IMG_2488-1-e1751455075437-768x504.jpeg 768w, https:\/\/greenqual.eu\/wp-content\/uploads\/2025\/08\/IMG_2488-1-e1751455075437-1536x1008.jpeg 1536w, https:\/\/greenqual.eu\/wp-content\/uploads\/2025\/08\/IMG_2488-1-e1751455075437-2048x1345.jpeg 2048w\" sizes=\"auto, (max-width: 1024px) 100vw, 1024px\" \/><span aria-hidden=\"true\" class=\"wp-block-cover__background has-background-dim\" style=\"background-color:#908785\"><\/span><div class=\"wp-block-cover__inner-container is-layout-constrained wp-block-cover-is-layout-constrained\">\n<p class=\"has-text-align-center has-large-font-size\"><\/p>\n<\/div><\/div>\n\n\n\n<p style=\"font-size:20px\">Az \u00d3budai Egyetem Ybl Mikl\u00f3s \u00c9p\u00edt\u00e9studom\u00e1nyi Kar k\u00e9t hallgat\u00f3ja, Kolman Martin \u00e9s N\u00e1n\u00e1si Marcell, sikeresen prezent\u00e1lta a&nbsp;kutat\u00e1si eredm\u00e9nyeit a 19th International Symposium on Applied Computational Intelligence and Informatics (SACI2025) konferenci\u00e1n.<\/p>\n\n\n\n<p style=\"font-size:20px\">El\u0151ad\u00e1suk a Greenqual kutat\u00e1si projekt keret\u00e9ben v\u00e9gzett munk\u00e1jukat mutatta be, amely a v\u00e1rosi h\u0151szigetek (UHI) \u00e9rt\u00e9kel\u00e9s\u00e9nek \u00e9s m\u00e9rs\u00e9kl\u00e9s\u00e9nek lehet\u0151s\u00e9geit vizsg\u00e1lja. Kutat\u00e1suk olyan komplex megk\u00f6zel\u00edt\u00e9st alkalmaz, amely \u00f6tv\u00f6zi a megfigyel\u00e9si technik\u00e1kat, a numerikus modellez\u00e9st \u00e9s a m\u0171holdas m\u00e9r\u00e9seket, lehet\u0151v\u00e9 t\u00e9ve a v\u00e1rosi h\u0151sziget-jelens\u00e9gek m\u00e9lyebb \u00e9s \u00e1tfog\u00f3bb meg\u00e9rt\u00e9s\u00e9t.<\/p>\n\n\n\n<p style=\"font-size:20px\">Az el\u0151ad\u00e1s r\u00e1mutatott, hogy a k\u00fcl\u00f6nb\u00f6z\u0151 m\u00f3dszerek integr\u00e1l\u00e1sa kulcsszerepet j\u00e1tszik a pontos \u00e9rt\u00e9kel\u00e9sben, mik\u00f6zben a tanulm\u00e1ny hangs\u00falyozta az interdiszciplin\u00e1ris megk\u00f6zel\u00edt\u00e9sek \u00e9s a technol\u00f3giai fejl\u0151d\u00e9s fontoss\u00e1g\u00e1t a v\u00e1rosi h\u0151szigetek hat\u00e9kony kezel\u00e9se \u00e9s a fenntarthat\u00f3 v\u00e1rosfejleszt\u00e9s el\u0151mozd\u00edt\u00e1sa szempontj\u00e1b\u00f3l.<\/p>\n\n\n\n<p style=\"font-size:20px\">Gratul\u00e1lunk Martinnak \u00e9s Marcellnek a magas sz\u00ednvonal\u00fa tudom\u00e1nyos szerepl\u00e9shez \u00e9s a nemzetk\u00f6zi konferenci\u00e1n val\u00f3 p\u00e9ld\u00e1s helyt\u00e1ll\u00e1shoz!<\/p>\n\n\n\n<p style=\"font-size:20px\">A GreenQual:&nbsp;A z\u00f6ldfel\u00fcletek szerep\u00e9nek vizsg\u00e1lata az \u00e9ghajlatv\u00e1ltoz\u00e1ssal szembeni ellen\u00e1ll\u00f3 k\u00e9pess\u00e9g, a v\u00edz, a talaj \u00e9s a leveg\u0151 min\u0151s\u00e9g\u00e9nek jav\u00edt\u00e1s\u00e1ban a s\u0171r\u0171 v\u00e1rosi sz\u00f6vetben&nbsp;c\u00edm\u0171 projektet az Eur\u00f3pai \u00c9rdekk\u00e9pviseleti Csoport (EIG) Concert-Japan \u00e9s a magyar NKFI (Nemzeti Kutat\u00e1si, Fejleszt\u00e9si \u00e9s Innov\u00e1ci\u00f3s) program k\u00f6z\u00f6sen finansz\u00edrozza a 2024-1.2.2-ERA_NET-2024-00006 sz\u00e1m\u00fa t\u00e1mogat\u00e1s keret\u00e9ben.\u200b<\/p>\n\n\n\n<figure class=\"wp-block-image size-large\"><img loading=\"lazy\" decoding=\"async\" width=\"1024\" height=\"360\" src=\"https:\/\/greenqual.eu\/wp-content\/uploads\/2025\/08\/nrdi-1024x360.png\" alt=\"\" class=\"wp-image-228\" srcset=\"https:\/\/greenqual.eu\/wp-content\/uploads\/2025\/08\/nrdi-1024x360.png 1024w, https:\/\/greenqual.eu\/wp-content\/uploads\/2025\/08\/nrdi-300x106.png 300w, https:\/\/greenqual.eu\/wp-content\/uploads\/2025\/08\/nrdi-768x270.png 768w, https:\/\/greenqual.eu\/wp-content\/uploads\/2025\/08\/nrdi-1536x541.png 1536w, https:\/\/greenqual.eu\/wp-content\/uploads\/2025\/08\/nrdi-2048x721.png 2048w\" sizes=\"auto, (max-width: 1024px) 100vw, 1024px\" \/><\/figure>\n","protected":false},"excerpt":{"rendered":"<p>Az \u00d3budai Egyetem Ybl Mikl\u00f3s \u00c9p\u00edt\u00e9studom\u00e1nyi Kar k\u00e9t hallgat\u00f3ja, Kolman Martin \u00e9s N\u00e1n\u00e1si Marcell, sikeresen prezent\u00e1lta a&nbsp;kutat\u00e1si eredm\u00e9nyeit a 19th International Symposium on Applied Computational Intelligence and Informatics (SACI2025) konferenci\u00e1n. El\u0151ad\u00e1suk a Greenqual kutat\u00e1si projekt keret\u00e9ben v\u00e9gzett munk\u00e1jukat mutatta be, amely a v\u00e1rosi h\u0151szigetek (UHI) \u00e9rt\u00e9kel\u00e9s\u00e9nek \u00e9s m\u00e9rs\u00e9kl\u00e9s\u00e9nek lehet\u0151s\u00e9geit vizsg\u00e1lja. Kutat\u00e1suk olyan komplex megk\u00f6zel\u00edt\u00e9st alkalmaz, [&hellip;]<\/p>\n","protected":false},"author":1,"featured_media":0,"parent":0,"menu_order":0,"comment_status":"closed","ping_status":"closed","template":"","meta":{"footnotes":""},"class_list":["post-230","page","type-page","status-publish","hentry"],"_links":{"self":[{"href":"https:\/\/greenqual.eu\/index.php?rest_route=\/wp\/v2\/pages\/230","targetHints":{"allow":["GET"]}}],"collection":[{"href":"https:\/\/greenqual.eu\/index.php?rest_route=\/wp\/v2\/pages"}],"about":[{"href":"https:\/\/greenqual.eu\/index.php?rest_route=\/wp\/v2\/types\/page"}],"author":[{"embeddable":true,"href":"https:\/\/greenqual.eu\/index.php?rest_route=\/wp\/v2\/users\/1"}],"replies":[{"embeddable":true,"href":"https:\/\/greenqual.eu\/index.php?rest_route=%2Fwp%2Fv2%2Fcomments&post=230"}],"version-history":[{"count":2,"href":"https:\/\/greenqual.eu\/index.php?rest_route=\/wp\/v2\/pages\/230\/revisions"}],"predecessor-version":[{"id":248,"href":"https:\/\/greenqual.eu\/index.php?rest_route=\/wp\/v2\/pages\/230\/revisions\/248"}],"wp:attachment":[{"href":"https:\/\/greenqual.eu\/index.php?rest_route=%2Fwp%2Fv2%2Fmedia&parent=230"}],"curies":[{"name":"wp","href":"https:\/\/api.w.org\/{rel}","templated":true}]}}