{"id":233,"date":"2025-08-22T11:36:42","date_gmt":"2025-08-22T11:36:42","guid":{"rendered":"https:\/\/greenqual.eu\/?page_id=233"},"modified":"2025-08-22T12:06:01","modified_gmt":"2025-08-22T12:06:01","slug":"10-kozos-palyazat-nyito-workshop","status":"publish","type":"page","link":"https:\/\/greenqual.eu\/?page_id=233&lang=hu","title":{"rendered":"10. k\u00f6z\u00f6s p\u00e1ly\u00e1zat nyit\u00f3 workshop"},"content":{"rendered":"\n<div class=\"wp-block-cover is-light\"><img loading=\"lazy\" decoding=\"async\" width=\"600\" height=\"400\" class=\"wp-block-cover__image-background wp-image-234 size-full\" alt=\"\" src=\"https:\/\/greenqual.eu\/wp-content\/uploads\/2025\/08\/1733203530559.jpeg\" data-object-fit=\"cover\" srcset=\"https:\/\/greenqual.eu\/wp-content\/uploads\/2025\/08\/1733203530559.jpeg 600w, https:\/\/greenqual.eu\/wp-content\/uploads\/2025\/08\/1733203530559-300x200.jpeg 300w\" sizes=\"auto, (max-width: 600px) 100vw, 600px\" \/><span aria-hidden=\"true\" class=\"wp-block-cover__background has-background-dim\" style=\"background-color:#8a8271\"><\/span><div class=\"wp-block-cover__inner-container is-layout-constrained wp-block-cover-is-layout-constrained\">\n<p><\/p>\n<\/div><\/div>\n\n\n\n<p style=\"font-size:20px\">Az eur\u00f3pai \u00e9rdekcsoport (EIG CONCERT-Japan) egy nemzetk\u00f6zi k\u00f6z\u00f6s kezdem\u00e9nyez\u00e9s az eur\u00f3pai r\u00e9gi\u00f3 \u00e9s Jap\u00e1n k\u00f6z\u00f6tti tudom\u00e1nyos, technol\u00f3giai \u00e9s innov\u00e1ci\u00f3s (STI) egy\u00fcttm\u0171k\u00f6d\u00e9s t\u00e1mogat\u00e1s\u00e1ra \u00e9s er\u0151s\u00edt\u00e9s\u00e9re.<\/p>\n\n\n\n<p style=\"font-size:20px\">A program 2024. okt\u00f3ber 29-\u00e9n tartotta a 10. k\u00f6z\u00f6s p\u00e1ly\u00e1zat\u00e1nak nyit\u00f3 workshopj\u00e1t a \u201eMegold\u00e1sok a sz\u00e9n-dioxid-semleges v\u00e1rosok\u00e9rt\u201d c\u00edmmel, amelynek h\u00e1zigazd\u00e1ja a cseh Oktat\u00e1si, Ifj\u00fas\u00e1gi \u00e9s Sportminiszt\u00e9rium (MEYS) \u00e9s a Cseh Tudom\u00e1nyos Akad\u00e9mia (CAS) volt.<\/p>\n\n\n\n<p style=\"font-size:20px\">Az esem\u00e9nyen k\u00f6zel 50 r\u00e9sztvev\u0151 vett r\u00e9szt, k\u00f6zt\u00fck hat kutat\u00f3csoport, a finansz\u00edroz\u00f3 \u00fcgyn\u00f6ks\u00e9gek k\u00e9pvisel\u0151i \u00e9s a tudom\u00e1nyos bizotts\u00e1g tagjai.<\/p>\n\n\n\n<p style=\"font-size:20px\">A workshop a 10. k\u00f6z\u00f6s felh\u00edv\u00e1s keret\u00e9ben zajl\u00f3 kutat\u00e1si egy\u00fcttm\u0171k\u00f6d\u00e9sek hivatalos elind\u00edt\u00e1s\u00e1t jelentette, \u00e9s platformot teremtett a projektcsoportok sz\u00e1m\u00e1ra, hogy bemutass\u00e1k c\u00e9ljaikat \u00e9s kezdeti terveiket, mik\u00f6zben el\u0151seg\u00edtette az interdiszciplin\u00e1ris \u00e9s kult\u00far\u00e1k k\u00f6z\u00f6tti p\u00e1rbesz\u00e9det. Hiroaki Furumai professzor, a JST programfelel\u0151se eln\u00f6k\u00f6lt az esem\u00e9nyen, biztos\u00edtva az eg\u00e9sz nap folyam\u00e1n zajl\u00f3 term\u00e9keny megbesz\u00e9l\u00e9seket.<\/p>\n\n\n\n<p style=\"font-size:20px\">A hat kutat\u00f3csoport mindegyike lehet\u0151s\u00e9get kapott arra, hogy bemutassa projektj\u00e9t, felv\u00e1zolva c\u00e9ljait, m\u00f3dszertan\u00e1t \u00e9s v\u00e1rhat\u00f3 eredm\u00e9nyeit. Ezek a prezent\u00e1ci\u00f3k megalapozt\u00e1k az \u00e9l\u00e9nk vit\u00e1kat, el\u0151seg\u00edtve a r\u00e9sztvev\u0151k k\u00f6z\u00f6tti eszmecser\u00e9t \u00e9s a korai szakaszban l\u00e9v\u0151 egy\u00fcttm\u0171k\u00f6d\u00e9st.<\/p>\n\n\n\n<p style=\"font-size:20px\">A GREENQUAL konzorciumban az \u00d3budai Egyetem (projektvezet\u0151: Dr. Sug\u00e1r Vikt\u00f3ria), a F4STER Ltd., az Oszaka Egyetem \u00e9s a Krakk\u00f3i Agr\u00e1rtudom\u00e1nyi Egyetem dolgozik k\u00f6z\u00f6sen azon, hogy megvizsg\u00e1ljuk a z\u00f6ldfel\u00fcletek szerep\u00e9t a s\u0171r\u0171 v\u00e1rosi sz\u00f6vetben az \u00e9ghajlatv\u00e1ltoz\u00e1ssal szembeni ellen\u00e1ll\u00f3 k\u00e9pess\u00e9g, a v\u00edz, a talaj \u00e9s a leveg\u0151 min\u0151s\u00e9g\u00e9nek jav\u00edt\u00e1s\u00e1ban.<\/p>\n","protected":false},"excerpt":{"rendered":"<p>Az eur\u00f3pai \u00e9rdekcsoport (EIG CONCERT-Japan) egy nemzetk\u00f6zi k\u00f6z\u00f6s kezdem\u00e9nyez\u00e9s az eur\u00f3pai r\u00e9gi\u00f3 \u00e9s Jap\u00e1n k\u00f6z\u00f6tti tudom\u00e1nyos, technol\u00f3giai \u00e9s innov\u00e1ci\u00f3s (STI) egy\u00fcttm\u0171k\u00f6d\u00e9s t\u00e1mogat\u00e1s\u00e1ra \u00e9s er\u0151s\u00edt\u00e9s\u00e9re. A program 2024. okt\u00f3ber 29-\u00e9n tartotta a 10. k\u00f6z\u00f6s p\u00e1ly\u00e1zat\u00e1nak nyit\u00f3 workshopj\u00e1t a \u201eMegold\u00e1sok a sz\u00e9n-dioxid-semleges v\u00e1rosok\u00e9rt\u201d c\u00edmmel, amelynek h\u00e1zigazd\u00e1ja a cseh Oktat\u00e1si, Ifj\u00fas\u00e1gi \u00e9s Sportminiszt\u00e9rium (MEYS) \u00e9s a Cseh Tudom\u00e1nyos [&hellip;]<\/p>\n","protected":false},"author":1,"featured_media":0,"parent":0,"menu_order":0,"comment_status":"closed","ping_status":"closed","template":"","meta":{"footnotes":""},"class_list":["post-233","page","type-page","status-publish","hentry"],"_links":{"self":[{"href":"https:\/\/greenqual.eu\/index.php?rest_route=\/wp\/v2\/pages\/233","targetHints":{"allow":["GET"]}}],"collection":[{"href":"https:\/\/greenqual.eu\/index.php?rest_route=\/wp\/v2\/pages"}],"about":[{"href":"https:\/\/greenqual.eu\/index.php?rest_route=\/wp\/v2\/types\/page"}],"author":[{"embeddable":true,"href":"https:\/\/greenqual.eu\/index.php?rest_route=\/wp\/v2\/users\/1"}],"replies":[{"embeddable":true,"href":"https:\/\/greenqual.eu\/index.php?rest_route=%2Fwp%2Fv2%2Fcomments&post=233"}],"version-history":[{"count":2,"href":"https:\/\/greenqual.eu\/index.php?rest_route=\/wp\/v2\/pages\/233\/revisions"}],"predecessor-version":[{"id":249,"href":"https:\/\/greenqual.eu\/index.php?rest_route=\/wp\/v2\/pages\/233\/revisions\/249"}],"wp:attachment":[{"href":"https:\/\/greenqual.eu\/index.php?rest_route=%2Fwp%2Fv2%2Fmedia&parent=233"}],"curies":[{"name":"wp","href":"https:\/\/api.w.org\/{rel}","templated":true}]}}