{"id":253,"date":"2025-08-25T07:29:11","date_gmt":"2025-08-25T07:29:11","guid":{"rendered":"https:\/\/greenqual.eu\/?page_id=253"},"modified":"2025-11-27T12:00:47","modified_gmt":"2025-11-27T12:00:47","slug":"greenqual-measurement-campaign-at-obuda-university","status":"publish","type":"page","link":"https:\/\/greenqual.eu\/?page_id=253","title":{"rendered":"GreenQual Measurement Campaign at \u00d3buda University"},"content":{"rendered":"\n<div class=\"wp-block-cover\"><img loading=\"lazy\" decoding=\"async\" width=\"1024\" height=\"768\" class=\"wp-block-cover__image-background wp-image-212 size-full\" alt=\"\" src=\"https:\/\/greenqual.eu\/wp-content\/uploads\/2025\/08\/image.jpg\" data-object-fit=\"cover\" srcset=\"https:\/\/greenqual.eu\/wp-content\/uploads\/2025\/08\/image.jpg 1024w, https:\/\/greenqual.eu\/wp-content\/uploads\/2025\/08\/image-300x225.jpg 300w, https:\/\/greenqual.eu\/wp-content\/uploads\/2025\/08\/image-768x576.jpg 768w\" sizes=\"auto, (max-width: 1024px) 100vw, 1024px\" \/><span aria-hidden=\"true\" class=\"wp-block-cover__background has-background-dim\" style=\"background-color:#787368\"><\/span><div class=\"wp-block-cover__inner-container is-layout-constrained wp-block-cover-is-layout-constrained\">\n<p class=\"has-text-align-center has-large-font-size\"><\/p>\n<\/div><\/div>\n\n\n\n<p class=\"has-medium-font-size\">The faculty and students of Obuda University have reached another milestone in the international Greenqual research project: between 21-25 July, for a whole week, microclimate measurements were carried out at several locations, recording temperature, relative humidity, air quality, wind patterns and lighting intensity.<\/p>\n\n\n\n<p class=\"has-medium-font-size\">The main objective of the work was to collect real environmental data on the status quo of the current summer heat island effect and to obtain raw material for the validation of future urban simulations. Within each target area, several measurement points were assigned and measurements were taken for half an hour. On average, we repeated this process 4-7 times within a target area, creating a more accurate and reliable database.<\/p>\n\n\n\n<p class=\"has-medium-font-size\">Measurement campaign locations:<\/p>\n\n\n\n<p class=\"has-medium-font-size\">V\u00e1rosliget &#8211; Sunbathing area<br>P\u00e9terfy S\u00e1ndor street<br>Blaha Lujza square<br>Andr\u00e1ssy avenue<br>Kopaszi dike<\/p>\n\n\n\n<p class=\"has-medium-font-size\">In addition to the measurements taken by the fixed stations, continuous thermal imagery was also recorded, providing additional valuable information for the research.<\/p>\n\n\n\n<p class=\"has-medium-font-size\">Thank you for the enthusiastic work and commitment of all participants!<br><a href=\"https:\/\/ybl.uni-obuda.hu\/wp-content\/uploads\/2025\/08\/image.jpg\"><\/a><\/p>\n\n\n\n<figure class=\"wp-block-gallery has-nested-images columns-default is-cropped wp-block-gallery-1 is-layout-flex wp-block-gallery-is-layout-flex\">\n<figure class=\"wp-block-image size-large\"><img loading=\"lazy\" decoding=\"async\" width=\"768\" height=\"1024\" data-id=\"214\" src=\"https:\/\/greenqual.eu\/wp-content\/uploads\/2025\/08\/image3.jpg\" alt=\"\" class=\"wp-image-214\" srcset=\"https:\/\/greenqual.eu\/wp-content\/uploads\/2025\/08\/image3.jpg 768w, https:\/\/greenqual.eu\/wp-content\/uploads\/2025\/08\/image3-225x300.jpg 225w\" sizes=\"auto, (max-width: 768px) 100vw, 768px\" \/><\/figure>\n\n\n\n<figure class=\"wp-block-image size-large\"><img loading=\"lazy\" decoding=\"async\" width=\"1024\" height=\"768\" data-id=\"215\" src=\"https:\/\/greenqual.eu\/wp-content\/uploads\/2025\/08\/image1.jpg\" alt=\"\" class=\"wp-image-215\" srcset=\"https:\/\/greenqual.eu\/wp-content\/uploads\/2025\/08\/image1.jpg 1024w, https:\/\/greenqual.eu\/wp-content\/uploads\/2025\/08\/image1-300x225.jpg 300w, https:\/\/greenqual.eu\/wp-content\/uploads\/2025\/08\/image1-768x576.jpg 768w\" sizes=\"auto, (max-width: 1024px) 100vw, 1024px\" \/><\/figure>\n\n\n\n<figure class=\"wp-block-image size-full\"><img loading=\"lazy\" decoding=\"async\" width=\"1024\" height=\"768\" data-id=\"212\" src=\"https:\/\/greenqual.eu\/wp-content\/uploads\/2025\/08\/image.jpg\" alt=\"\" class=\"wp-image-212\" srcset=\"https:\/\/greenqual.eu\/wp-content\/uploads\/2025\/08\/image.jpg 1024w, https:\/\/greenqual.eu\/wp-content\/uploads\/2025\/08\/image-300x225.jpg 300w, https:\/\/greenqual.eu\/wp-content\/uploads\/2025\/08\/image-768x576.jpg 768w\" sizes=\"auto, (max-width: 1024px) 100vw, 1024px\" \/><\/figure>\n<\/figure>\n\n\n\n<p class=\"has-medium-font-size\">GreenQual: Investigating the role of green spaces in improving climate change adaptability, water, soil and air quality in dense urban areas is a project co-funded by the European Interest Group (EIG), CONCERT-Japan and the Hungarian NKFI under grant number 2024-1.2.2-ERA_NET-2024-00006.<\/p>\n\n\n\n<figure class=\"wp-block-image size-large\"><img loading=\"lazy\" decoding=\"async\" width=\"1024\" height=\"360\" src=\"https:\/\/greenqual.eu\/wp-content\/uploads\/2025\/08\/nrdi-1024x360.png\" alt=\"\" class=\"wp-image-228\" srcset=\"https:\/\/greenqual.eu\/wp-content\/uploads\/2025\/08\/nrdi-1024x360.png 1024w, https:\/\/greenqual.eu\/wp-content\/uploads\/2025\/08\/nrdi-300x106.png 300w, https:\/\/greenqual.eu\/wp-content\/uploads\/2025\/08\/nrdi-768x270.png 768w, https:\/\/greenqual.eu\/wp-content\/uploads\/2025\/08\/nrdi-1536x541.png 1536w, https:\/\/greenqual.eu\/wp-content\/uploads\/2025\/08\/nrdi-2048x721.png 2048w\" sizes=\"auto, (max-width: 1024px) 100vw, 1024px\" \/><\/figure>\n","protected":false},"excerpt":{"rendered":"<p>The faculty and students of Obuda University have reached another milestone in the international Greenqual research project: between 21-25 July, for a whole week, microclimate measurements were carried out at several locations, recording temperature, relative humidity, air quality, wind patterns and lighting intensity. The main objective of the work was to collect real environmental data [&hellip;]<\/p>\n","protected":false},"author":1,"featured_media":0,"parent":0,"menu_order":0,"comment_status":"closed","ping_status":"closed","template":"","meta":{"footnotes":""},"class_list":["post-253","page","type-page","status-publish","hentry"],"_links":{"self":[{"href":"https:\/\/greenqual.eu\/index.php?rest_route=\/wp\/v2\/pages\/253","targetHints":{"allow":["GET"]}}],"collection":[{"href":"https:\/\/greenqual.eu\/index.php?rest_route=\/wp\/v2\/pages"}],"about":[{"href":"https:\/\/greenqual.eu\/index.php?rest_route=\/wp\/v2\/types\/page"}],"author":[{"embeddable":true,"href":"https:\/\/greenqual.eu\/index.php?rest_route=\/wp\/v2\/users\/1"}],"replies":[{"embeddable":true,"href":"https:\/\/greenqual.eu\/index.php?rest_route=%2Fwp%2Fv2%2Fcomments&post=253"}],"version-history":[{"count":3,"href":"https:\/\/greenqual.eu\/index.php?rest_route=\/wp\/v2\/pages\/253\/revisions"}],"predecessor-version":[{"id":446,"href":"https:\/\/greenqual.eu\/index.php?rest_route=\/wp\/v2\/pages\/253\/revisions\/446"}],"wp:attachment":[{"href":"https:\/\/greenqual.eu\/index.php?rest_route=%2Fwp%2Fv2%2Fmedia&parent=253"}],"curies":[{"name":"wp","href":"https:\/\/api.w.org\/{rel}","templated":true}]}}