{"id":257,"date":"2025-08-25T07:35:49","date_gmt":"2025-08-25T07:35:49","guid":{"rendered":"https:\/\/greenqual.eu\/?page_id=257"},"modified":"2026-03-16T19:34:36","modified_gmt":"2026-03-16T19:34:36","slug":"grennqual-at-the-3rd-ybl-conference-on-the-built-environment-conference","status":"publish","type":"page","link":"https:\/\/greenqual.eu\/?page_id=257","title":{"rendered":"GreenQual at the 3rd Ybl Conference on the Built Environment"},"content":{"rendered":"\n<div class=\"wp-block-cover\"><img loading=\"lazy\" decoding=\"async\" width=\"1024\" height=\"683\" class=\"wp-block-cover__image-background wp-image-221 size-large\" alt=\"\" src=\"https:\/\/greenqual.eu\/wp-content\/uploads\/2025\/08\/att.6X0S72rivJHX99sRkYkVvuVcRyLzmyadKte9J87U-eo-1024x683.jpg\" data-object-fit=\"cover\" srcset=\"https:\/\/greenqual.eu\/wp-content\/uploads\/2025\/08\/att.6X0S72rivJHX99sRkYkVvuVcRyLzmyadKte9J87U-eo-1024x683.jpg 1024w, https:\/\/greenqual.eu\/wp-content\/uploads\/2025\/08\/att.6X0S72rivJHX99sRkYkVvuVcRyLzmyadKte9J87U-eo-300x200.jpg 300w, https:\/\/greenqual.eu\/wp-content\/uploads\/2025\/08\/att.6X0S72rivJHX99sRkYkVvuVcRyLzmyadKte9J87U-eo-768x512.jpg 768w, https:\/\/greenqual.eu\/wp-content\/uploads\/2025\/08\/att.6X0S72rivJHX99sRkYkVvuVcRyLzmyadKte9J87U-eo-1536x1024.jpg 1536w, https:\/\/greenqual.eu\/wp-content\/uploads\/2025\/08\/att.6X0S72rivJHX99sRkYkVvuVcRyLzmyadKte9J87U-eo.jpg 2048w\" sizes=\"auto, (max-width: 1024px) 100vw, 1024px\" \/><span aria-hidden=\"true\" class=\"wp-block-cover__background has-background-dim\" style=\"background-color:#7f7e7d\"><\/span><div class=\"wp-block-cover__inner-container is-layout-flow wp-block-cover-is-layout-flow\">\n<p class=\"has-text-align-center has-large-font-size\"><\/p>\n<\/div><\/div>\n\n\n\n<p style=\"font-size:20px\">We are pleased to report that two students from the Ybl Mikl\u00f3s Faculty of Architecture and Civil Engineering at \u00d3buda University, Marcell N\u00e1n\u00e1si and Martin Kolman, successfully represented our institution at the 3rd Ybl Conference on the Built Environment, where they presented the results achieved within the framework of the international GreenQual research project.<\/p>\n\n\n\n<p class=\"has-medium-font-size\">In his conference presentation, Marcell N\u00e1n\u00e1si examined the applicability of passive ventilation systems in urban contexts, focusing on public spaces in Budapest. He demonstrated how solutions based on natural airflow and temperature differences can be utilized to mitigate the urban heat island (UHI) effect. The aim of the research is to lay the groundwork for applying passive ventilation in urban public spaces and to prepare future simulations based on on-site data.<\/p>\n\n\n\n<p class=\"has-medium-font-size\">Martin Kolman\u2019s poster also presented work carried out within the GreenQual project, investigating the microclimatic characteristics of urban environments through field measurements. His poster vividly illustrated the research methods, preliminary findings, and their relevance to the goals of sustainable urban development.<\/p>\n\n\n\n<p class=\"has-medium-font-size\">We congratulate our students on their dedicated work and their contribution to advancing urban climate adaptation and environmentally friendly architectural solutions!<\/p>\n\n\n\n<figure class=\"wp-block-gallery has-nested-images columns-default is-cropped wp-block-gallery-1 is-layout-flex wp-block-gallery-is-layout-flex\">\n<figure class=\"wp-block-image size-large\"><img loading=\"lazy\" decoding=\"async\" width=\"768\" height=\"1024\" data-id=\"226\" src=\"https:\/\/greenqual.eu\/wp-content\/uploads\/2025\/08\/IMG_9946-rotated-1-768x1024.jpeg\" alt=\"\" class=\"wp-image-226\" srcset=\"https:\/\/greenqual.eu\/wp-content\/uploads\/2025\/08\/IMG_9946-rotated-1-768x1024.jpeg 768w, https:\/\/greenqual.eu\/wp-content\/uploads\/2025\/08\/IMG_9946-rotated-1-225x300.jpeg 225w, https:\/\/greenqual.eu\/wp-content\/uploads\/2025\/08\/IMG_9946-rotated-1-1152x1536.jpeg 1152w, https:\/\/greenqual.eu\/wp-content\/uploads\/2025\/08\/IMG_9946-rotated-1-1536x2048.jpeg 1536w, https:\/\/greenqual.eu\/wp-content\/uploads\/2025\/08\/IMG_9946-rotated-1-scaled.jpeg 1920w\" sizes=\"auto, (max-width: 768px) 100vw, 768px\" \/><\/figure>\n\n\n\n<figure class=\"wp-block-image size-large\"><img loading=\"lazy\" decoding=\"async\" width=\"1024\" height=\"683\" data-id=\"221\" src=\"https:\/\/greenqual.eu\/wp-content\/uploads\/2025\/08\/att.6X0S72rivJHX99sRkYkVvuVcRyLzmyadKte9J87U-eo-1024x683.jpg\" alt=\"\" class=\"wp-image-221\" srcset=\"https:\/\/greenqual.eu\/wp-content\/uploads\/2025\/08\/att.6X0S72rivJHX99sRkYkVvuVcRyLzmyadKte9J87U-eo-1024x683.jpg 1024w, https:\/\/greenqual.eu\/wp-content\/uploads\/2025\/08\/att.6X0S72rivJHX99sRkYkVvuVcRyLzmyadKte9J87U-eo-300x200.jpg 300w, https:\/\/greenqual.eu\/wp-content\/uploads\/2025\/08\/att.6X0S72rivJHX99sRkYkVvuVcRyLzmyadKte9J87U-eo-768x512.jpg 768w, https:\/\/greenqual.eu\/wp-content\/uploads\/2025\/08\/att.6X0S72rivJHX99sRkYkVvuVcRyLzmyadKte9J87U-eo-1536x1024.jpg 1536w, https:\/\/greenqual.eu\/wp-content\/uploads\/2025\/08\/att.6X0S72rivJHX99sRkYkVvuVcRyLzmyadKte9J87U-eo.jpg 2048w\" sizes=\"auto, (max-width: 1024px) 100vw, 1024px\" \/><\/figure>\n\n\n\n<figure class=\"wp-block-image size-large\"><img loading=\"lazy\" decoding=\"async\" width=\"1024\" height=\"768\" data-id=\"225\" src=\"https:\/\/greenqual.eu\/wp-content\/uploads\/2025\/08\/att.rvX5r8kf-OXzmVGwm226lm0X5kaWj6QR35OWzzF9jy0-1-1024x768.jpg\" alt=\"\" class=\"wp-image-225\" srcset=\"https:\/\/greenqual.eu\/wp-content\/uploads\/2025\/08\/att.rvX5r8kf-OXzmVGwm226lm0X5kaWj6QR35OWzzF9jy0-1-1024x768.jpg 1024w, https:\/\/greenqual.eu\/wp-content\/uploads\/2025\/08\/att.rvX5r8kf-OXzmVGwm226lm0X5kaWj6QR35OWzzF9jy0-1-300x225.jpg 300w, https:\/\/greenqual.eu\/wp-content\/uploads\/2025\/08\/att.rvX5r8kf-OXzmVGwm226lm0X5kaWj6QR35OWzzF9jy0-1-768x576.jpg 768w, https:\/\/greenqual.eu\/wp-content\/uploads\/2025\/08\/att.rvX5r8kf-OXzmVGwm226lm0X5kaWj6QR35OWzzF9jy0-1-1536x1152.jpg 1536w, https:\/\/greenqual.eu\/wp-content\/uploads\/2025\/08\/att.rvX5r8kf-OXzmVGwm226lm0X5kaWj6QR35OWzzF9jy0-1.jpg 2048w\" sizes=\"auto, (max-width: 1024px) 100vw, 1024px\" \/><\/figure>\n\n\n\n<figure class=\"wp-block-image size-large\"><img loading=\"lazy\" decoding=\"async\" width=\"1024\" height=\"768\" data-id=\"225\" src=\"https:\/\/greenqual.eu\/wp-content\/uploads\/2025\/08\/att.rvX5r8kf-OXzmVGwm226lm0X5kaWj6QR35OWzzF9jy0-1-1024x768.jpg\" alt=\"\" class=\"wp-image-225\" srcset=\"https:\/\/greenqual.eu\/wp-content\/uploads\/2025\/08\/att.rvX5r8kf-OXzmVGwm226lm0X5kaWj6QR35OWzzF9jy0-1-1024x768.jpg 1024w, https:\/\/greenqual.eu\/wp-content\/uploads\/2025\/08\/att.rvX5r8kf-OXzmVGwm226lm0X5kaWj6QR35OWzzF9jy0-1-300x225.jpg 300w, https:\/\/greenqual.eu\/wp-content\/uploads\/2025\/08\/att.rvX5r8kf-OXzmVGwm226lm0X5kaWj6QR35OWzzF9jy0-1-768x576.jpg 768w, https:\/\/greenqual.eu\/wp-content\/uploads\/2025\/08\/att.rvX5r8kf-OXzmVGwm226lm0X5kaWj6QR35OWzzF9jy0-1-1536x1152.jpg 1536w, https:\/\/greenqual.eu\/wp-content\/uploads\/2025\/08\/att.rvX5r8kf-OXzmVGwm226lm0X5kaWj6QR35OWzzF9jy0-1.jpg 2048w\" sizes=\"auto, (max-width: 1024px) 100vw, 1024px\" \/><\/figure>\n\n\n\n<figure class=\"wp-block-image size-large\"><img loading=\"lazy\" decoding=\"async\" width=\"1024\" height=\"683\" data-id=\"224\" src=\"https:\/\/greenqual.eu\/wp-content\/uploads\/2025\/08\/att.uSVMWQHPeBfZ-OQsmivAa-SNuQrfC_rUmIbLRZIwIt8-1-1024x683.jpg\" alt=\"\" class=\"wp-image-224\" srcset=\"https:\/\/greenqual.eu\/wp-content\/uploads\/2025\/08\/att.uSVMWQHPeBfZ-OQsmivAa-SNuQrfC_rUmIbLRZIwIt8-1-1024x683.jpg 1024w, https:\/\/greenqual.eu\/wp-content\/uploads\/2025\/08\/att.uSVMWQHPeBfZ-OQsmivAa-SNuQrfC_rUmIbLRZIwIt8-1-300x200.jpg 300w, https:\/\/greenqual.eu\/wp-content\/uploads\/2025\/08\/att.uSVMWQHPeBfZ-OQsmivAa-SNuQrfC_rUmIbLRZIwIt8-1-768x512.jpg 768w, https:\/\/greenqual.eu\/wp-content\/uploads\/2025\/08\/att.uSVMWQHPeBfZ-OQsmivAa-SNuQrfC_rUmIbLRZIwIt8-1-1536x1024.jpg 1536w, https:\/\/greenqual.eu\/wp-content\/uploads\/2025\/08\/att.uSVMWQHPeBfZ-OQsmivAa-SNuQrfC_rUmIbLRZIwIt8-1.jpg 2048w\" sizes=\"auto, (max-width: 1024px) 100vw, 1024px\" \/><\/figure>\n<\/figure>\n\n\n\n<p><\/p>\n\n\n\n<p>#GREENQUAL<\/p>\n\n\n\n<hr class=\"wp-block-separator has-alpha-channel-opacity\"\/>\n\n\n\n<p class=\"has-medium-font-size\">The project titled GreenQual: Examining the Role of Green Spaces in Enhancing Climate Resilience and Improving Water, Soil, and Air Quality in Dense Urban Fabrics is jointly funded by the European Interest Group (EIG) Concert-Japan and the Hungarian NRDI (National Research, Development and Innovation) Program under grant agreement no. 2024-1.2.2-ERA_NET-2024-00006.<\/p>\n\n\n\n<figure class=\"wp-block-image size-large\"><img loading=\"lazy\" decoding=\"async\" width=\"1024\" height=\"360\" src=\"https:\/\/greenqual.eu\/wp-content\/uploads\/2025\/08\/nrdi-1024x360.png\" alt=\"\" class=\"wp-image-228\" srcset=\"https:\/\/greenqual.eu\/wp-content\/uploads\/2025\/08\/nrdi-1024x360.png 1024w, https:\/\/greenqual.eu\/wp-content\/uploads\/2025\/08\/nrdi-300x106.png 300w, https:\/\/greenqual.eu\/wp-content\/uploads\/2025\/08\/nrdi-768x270.png 768w, https:\/\/greenqual.eu\/wp-content\/uploads\/2025\/08\/nrdi-1536x541.png 1536w, https:\/\/greenqual.eu\/wp-content\/uploads\/2025\/08\/nrdi-2048x721.png 2048w\" sizes=\"auto, (max-width: 1024px) 100vw, 1024px\" \/><\/figure>\n\n\n\n<p><\/p>\n","protected":false},"excerpt":{"rendered":"<p>We are pleased to report that two students from the Ybl Mikl\u00f3s Faculty of Architecture and Civil Engineering at \u00d3buda University, Marcell N\u00e1n\u00e1si and Martin Kolman, successfully represented our institution at the 3rd Ybl Conference on the Built Environment, where they presented the results achieved within the framework of the international GreenQual research project. In [&hellip;]<\/p>\n","protected":false},"author":1,"featured_media":0,"parent":0,"menu_order":0,"comment_status":"closed","ping_status":"closed","template":"","meta":{"footnotes":""},"class_list":["post-257","page","type-page","status-publish","hentry"],"_links":{"self":[{"href":"https:\/\/greenqual.eu\/index.php?rest_route=\/wp\/v2\/pages\/257","targetHints":{"allow":["GET"]}}],"collection":[{"href":"https:\/\/greenqual.eu\/index.php?rest_route=\/wp\/v2\/pages"}],"about":[{"href":"https:\/\/greenqual.eu\/index.php?rest_route=\/wp\/v2\/types\/page"}],"author":[{"embeddable":true,"href":"https:\/\/greenqual.eu\/index.php?rest_route=\/wp\/v2\/users\/1"}],"replies":[{"embeddable":true,"href":"https:\/\/greenqual.eu\/index.php?rest_route=%2Fwp%2Fv2%2Fcomments&post=257"}],"version-history":[{"count":6,"href":"https:\/\/greenqual.eu\/index.php?rest_route=\/wp\/v2\/pages\/257\/revisions"}],"predecessor-version":[{"id":539,"href":"https:\/\/greenqual.eu\/index.php?rest_route=\/wp\/v2\/pages\/257\/revisions\/539"}],"wp:attachment":[{"href":"https:\/\/greenqual.eu\/index.php?rest_route=%2Fwp%2Fv2%2Fmedia&parent=257"}],"curies":[{"name":"wp","href":"https:\/\/api.w.org\/{rel}","templated":true}]}}