{"id":259,"date":"2025-08-25T07:36:24","date_gmt":"2025-08-25T07:36:24","guid":{"rendered":"https:\/\/greenqual.eu\/?page_id=259"},"modified":"2025-08-25T08:15:07","modified_gmt":"2025-08-25T08:15:07","slug":"greenqual-at-saci-conference","status":"publish","type":"page","link":"https:\/\/greenqual.eu\/?page_id=259","title":{"rendered":"GreenQual at SACI 2025 Conference"},"content":{"rendered":"\n<div class=\"wp-block-cover is-light\"><img loading=\"lazy\" decoding=\"async\" width=\"1024\" height=\"672\" class=\"wp-block-cover__image-background wp-image-231 size-large\" alt=\"\" src=\"https:\/\/greenqual.eu\/wp-content\/uploads\/2025\/08\/IMG_2488-1-e1751455075437-1024x672.jpeg\" data-object-fit=\"cover\" srcset=\"https:\/\/greenqual.eu\/wp-content\/uploads\/2025\/08\/IMG_2488-1-e1751455075437-1024x672.jpeg 1024w, https:\/\/greenqual.eu\/wp-content\/uploads\/2025\/08\/IMG_2488-1-e1751455075437-300x197.jpeg 300w, https:\/\/greenqual.eu\/wp-content\/uploads\/2025\/08\/IMG_2488-1-e1751455075437-768x504.jpeg 768w, https:\/\/greenqual.eu\/wp-content\/uploads\/2025\/08\/IMG_2488-1-e1751455075437-1536x1008.jpeg 1536w, https:\/\/greenqual.eu\/wp-content\/uploads\/2025\/08\/IMG_2488-1-e1751455075437-2048x1345.jpeg 2048w\" sizes=\"auto, (max-width: 1024px) 100vw, 1024px\" \/><span aria-hidden=\"true\" class=\"wp-block-cover__background has-background-dim\" style=\"background-color:#908785\"><\/span><div class=\"wp-block-cover__inner-container is-layout-constrained wp-block-cover-is-layout-constrained\">\n<p class=\"has-text-align-center has-large-font-size\"><\/p>\n<\/div><\/div>\n\n\n\n<p style=\"font-size:20px\">We are very proud to announce that two students of \u00d3buda University Ybl Faculty, Martin Kolman and Marcell N\u00e1n\u00e1si, successfully presented their research results at the 19th International Symposium on Applied Computational Intelligence and Informatics (SACI2025).<br><br>Their presentation presented their work on the Greenqual research project, which investigates the assessment and mitigation of urban heat islands (UHI). Their research employs a complex approach that combines observational techniques, numerical modeling, and satellite measurements, enabling\u00a0a deeper and more comprehensive understanding of urban heat island phenomena.<br><br>The presentation emphasized the importance of integrating different methods for an accurate assessment, while the paper highlighted the significance of interdisciplinary approaches and technological advancements in\u00a0the effective management of urban heat islands and the promotion of sustainable urban development.<br><br>Congratulations\u00a0to Martin and Marcell for their high-quality scientific presentation and exemplary performance at the international conference!\u00a0<br><br>GreenQual: Investigating the Role of Greenery to Improve Climate Resilience, Water, Soil and Air quality in Dense Urban Fabric project is co-funded by the European Interest Group (EIG) Concert-Japan and the Hungarian NRDI program under the Nr. 2024-1.2.2-ERA_NET-2024-00006.<\/p>\n\n\n\n<figure class=\"wp-block-image\"><img decoding=\"async\" src=\"https:\/\/ybl.uni-obuda.hu\/wp-content\/uploads\/2025\/07\/NKFIA_infoblokk_kerettel_projekt_horizon_2019_HU-1.png\" alt=\"\u00a9 Ybl Mikl\u00f3s \u00c9p\u00edt\u00e9studom\u00e1nyi Kar\"\/><\/figure>\n","protected":false},"excerpt":{"rendered":"<p>We are very proud to announce that two students of \u00d3buda University Ybl Faculty, Martin Kolman and Marcell N\u00e1n\u00e1si, successfully presented their research results at the 19th International Symposium on Applied Computational Intelligence and Informatics (SACI2025). Their presentation presented their work on the Greenqual research project, which investigates the assessment and mitigation of urban heat [&hellip;]<\/p>\n","protected":false},"author":1,"featured_media":0,"parent":0,"menu_order":0,"comment_status":"closed","ping_status":"closed","template":"","meta":{"footnotes":""},"class_list":["post-259","page","type-page","status-publish","hentry"],"_links":{"self":[{"href":"https:\/\/greenqual.eu\/index.php?rest_route=\/wp\/v2\/pages\/259","targetHints":{"allow":["GET"]}}],"collection":[{"href":"https:\/\/greenqual.eu\/index.php?rest_route=\/wp\/v2\/pages"}],"about":[{"href":"https:\/\/greenqual.eu\/index.php?rest_route=\/wp\/v2\/types\/page"}],"author":[{"embeddable":true,"href":"https:\/\/greenqual.eu\/index.php?rest_route=\/wp\/v2\/users\/1"}],"replies":[{"embeddable":true,"href":"https:\/\/greenqual.eu\/index.php?rest_route=%2Fwp%2Fv2%2Fcomments&post=259"}],"version-history":[{"count":3,"href":"https:\/\/greenqual.eu\/index.php?rest_route=\/wp\/v2\/pages\/259\/revisions"}],"predecessor-version":[{"id":275,"href":"https:\/\/greenqual.eu\/index.php?rest_route=\/wp\/v2\/pages\/259\/revisions\/275"}],"wp:attachment":[{"href":"https:\/\/greenqual.eu\/index.php?rest_route=%2Fwp%2Fv2%2Fmedia&parent=259"}],"curies":[{"name":"wp","href":"https:\/\/api.w.org\/{rel}","templated":true}]}}